{"id":167,"date":"2021-03-21T11:53:20","date_gmt":"2021-03-21T10:53:20","guid":{"rendered":"https:\/\/swgondoin.fr\/?page_id=167"},"modified":"2025-02-13T11:03:49","modified_gmt":"2025-02-13T10:03:49","slug":"ouvrages-collectifs","status":"publish","type":"page","link":"https:\/\/swgondoin.fr\/index.php\/ouvrages-collectifs\/","title":{"rendered":"Ouvrages collectifs"},"content":{"rendered":"\n<p class=\"has-text-align-center\"><strong>Depuis de nombreuses ann\u00e9es maintenant, les guides du Routard, \u00e9dit\u00e9s par Hachette, me font confiance pour les synth\u00e8ses des pages <em>Hommes, culture, environnement<\/em>.<\/strong><\/p>\n\n\n\n<p class=\"has-text-align-center\">Ann\u00e9e 2024<\/p>\n\n\n\n<figure class=\"wp-block-gallery has-nested-images columns-default is-cropped wp-block-gallery-1 is-layout-flex wp-block-gallery-is-layout-flex\">\n<figure class=\"wp-block-image size-large\"><img loading=\"lazy\" decoding=\"async\" width=\"613\" height=\"1024\" data-id=\"1304\" src=\"https:\/\/swgondoin.fr\/wp-content\/uploads\/2024\/04\/routard-parc-national-de-foret-613x1024.jpg\" alt=\"\" class=\"wp-image-1304\" srcset=\"https:\/\/swgondoin.fr\/wp-content\/uploads\/2024\/04\/routard-parc-national-de-foret-613x1024.jpg 613w, https:\/\/swgondoin.fr\/wp-content\/uploads\/2024\/04\/routard-parc-national-de-foret-180x300.jpg 180w, https:\/\/swgondoin.fr\/wp-content\/uploads\/2024\/04\/routard-parc-national-de-foret.jpg 640w\" sizes=\"auto, (max-width: 613px) 100vw, 613px\" \/><\/figure>\n\n\n\n<figure class=\"wp-block-image size-large\"><img loading=\"lazy\" decoding=\"async\" width=\"300\" height=\"490\" data-id=\"1305\" src=\"https:\/\/swgondoin.fr\/wp-content\/uploads\/2024\/04\/routard-eure-nature-et-insolite.webp\" alt=\"\" class=\"wp-image-1305\" srcset=\"https:\/\/swgondoin.fr\/wp-content\/uploads\/2024\/04\/routard-eure-nature-et-insolite.webp 300w, https:\/\/swgondoin.fr\/wp-content\/uploads\/2024\/04\/routard-eure-nature-et-insolite-184x300.webp 184w\" sizes=\"auto, (max-width: 300px) 100vw, 300px\" \/><\/figure>\n<\/figure>\n\n\n\n<h6 class=\"wp-block-heading has-text-align-center\">Ann\u00e9e 2023<\/h6>\n\n\n\n<figure class=\"wp-block-gallery has-nested-images columns-4 is-cropped wp-block-gallery-2 is-layout-flex wp-block-gallery-is-layout-flex\">\n<figure class=\"wp-block-image size-large\"><img loading=\"lazy\" decoding=\"async\" width=\"613\" height=\"1024\" data-id=\"1252\" src=\"https:\/\/swgondoin.fr\/wp-content\/uploads\/2023\/07\/2023-routard-oenotourisme-val-de-loire-613x1024.jpg\" alt=\"\" class=\"wp-image-1252\" srcset=\"https:\/\/swgondoin.fr\/wp-content\/uploads\/2023\/07\/2023-routard-oenotourisme-val-de-loire-613x1024.jpg 613w, https:\/\/swgondoin.fr\/wp-content\/uploads\/2023\/07\/2023-routard-oenotourisme-val-de-loire-180x300.jpg 180w, https:\/\/swgondoin.fr\/wp-content\/uploads\/2023\/07\/2023-routard-oenotourisme-val-de-loire.jpg 640w\" sizes=\"auto, (max-width: 613px) 100vw, 613px\" \/><\/figure>\n\n\n\n<figure class=\"wp-block-image size-large\"><img loading=\"lazy\" decoding=\"async\" width=\"612\" height=\"1024\" data-id=\"1251\" src=\"https:\/\/swgondoin.fr\/wp-content\/uploads\/2023\/07\/2023-routard-roissy-pays-de-france-612x1024.jpg\" alt=\"\" class=\"wp-image-1251\" srcset=\"https:\/\/swgondoin.fr\/wp-content\/uploads\/2023\/07\/2023-routard-roissy-pays-de-france-612x1024.jpg 612w, https:\/\/swgondoin.fr\/wp-content\/uploads\/2023\/07\/2023-routard-roissy-pays-de-france-179x300.jpg 179w, https:\/\/swgondoin.fr\/wp-content\/uploads\/2023\/07\/2023-routard-roissy-pays-de-france-768x1285.jpg 768w, https:\/\/swgondoin.fr\/wp-content\/uploads\/2023\/07\/2023-routard-roissy-pays-de-france.jpg 918w\" sizes=\"auto, (max-width: 612px) 100vw, 612px\" \/><\/figure>\n\n\n\n<figure class=\"wp-block-image size-large\"><img loading=\"lazy\" decoding=\"async\" width=\"613\" height=\"1024\" data-id=\"1250\" src=\"https:\/\/swgondoin.fr\/wp-content\/uploads\/2023\/07\/2023-routard-roissy-pays-d-epinal-613x1024.jpeg\" alt=\"\" class=\"wp-image-1250\" srcset=\"https:\/\/swgondoin.fr\/wp-content\/uploads\/2023\/07\/2023-routard-roissy-pays-d-epinal-613x1024.jpeg 613w, https:\/\/swgondoin.fr\/wp-content\/uploads\/2023\/07\/2023-routard-roissy-pays-d-epinal-180x300.jpeg 180w, https:\/\/swgondoin.fr\/wp-content\/uploads\/2023\/07\/2023-routard-roissy-pays-d-epinal.jpeg 630w\" sizes=\"auto, (max-width: 613px) 100vw, 613px\" \/><\/figure>\n\n\n\n<figure class=\"wp-block-image size-large\"><img loading=\"lazy\" decoding=\"async\" width=\"400\" height=\"668\" data-id=\"1255\" src=\"https:\/\/swgondoin.fr\/wp-content\/uploads\/2023\/07\/2023-routard-seine-et-marne.jpg\" alt=\"\" class=\"wp-image-1255\" srcset=\"https:\/\/swgondoin.fr\/wp-content\/uploads\/2023\/07\/2023-routard-seine-et-marne.jpg 400w, https:\/\/swgondoin.fr\/wp-content\/uploads\/2023\/07\/2023-routard-seine-et-marne-180x300.jpg 180w\" sizes=\"auto, (max-width: 400px) 100vw, 400px\" \/><\/figure>\n<\/figure>\n\n\n\n<h6 class=\"wp-block-heading has-text-align-center\">Ann\u00e9e 2022<\/h6>\n\n\n\n<figure class=\"wp-block-gallery has-nested-images columns-4 is-cropped wp-block-gallery-3 is-layout-flex wp-block-gallery-is-layout-flex\">\n<figure class=\"wp-block-image size-large\"><img loading=\"lazy\" decoding=\"async\" width=\"400\" height=\"668\" data-id=\"628\" src=\"https:\/\/swgondoin.fr\/wp-content\/uploads\/2023\/04\/2022-Guide-du-Routard-Destination-Sud-Charente.jpg\" alt=\"\" class=\"wp-image-628\" srcset=\"https:\/\/swgondoin.fr\/wp-content\/uploads\/2023\/04\/2022-Guide-du-Routard-Destination-Sud-Charente.jpg 400w, https:\/\/swgondoin.fr\/wp-content\/uploads\/2023\/04\/2022-Guide-du-Routard-Destination-Sud-Charente-180x300.jpg 180w\" sizes=\"auto, (max-width: 400px) 100vw, 400px\" \/><\/figure>\n\n\n\n<figure class=\"wp-block-image size-large\"><img loading=\"lazy\" decoding=\"async\" width=\"400\" height=\"668\" data-id=\"629\" src=\"https:\/\/swgondoin.fr\/wp-content\/uploads\/2023\/04\/2022-Guide-du-Routard-Eure-nature-et-insolite.jpg\" alt=\"\" class=\"wp-image-629\" srcset=\"https:\/\/swgondoin.fr\/wp-content\/uploads\/2023\/04\/2022-Guide-du-Routard-Eure-nature-et-insolite.jpg 400w, https:\/\/swgondoin.fr\/wp-content\/uploads\/2023\/04\/2022-Guide-du-Routard-Eure-nature-et-insolite-180x300.jpg 180w\" sizes=\"auto, (max-width: 400px) 100vw, 400px\" \/><\/figure>\n\n\n\n<figure class=\"wp-block-image size-large\"><img loading=\"lazy\" decoding=\"async\" width=\"400\" height=\"670\" data-id=\"632\" src=\"https:\/\/swgondoin.fr\/wp-content\/uploads\/2023\/04\/2022-Guide-du-Routard-Grand-Paris-Nord.jpg\" alt=\"\" class=\"wp-image-632\" srcset=\"https:\/\/swgondoin.fr\/wp-content\/uploads\/2023\/04\/2022-Guide-du-Routard-Grand-Paris-Nord.jpg 400w, https:\/\/swgondoin.fr\/wp-content\/uploads\/2023\/04\/2022-Guide-du-Routard-Grand-Paris-Nord-179x300.jpg 179w\" sizes=\"auto, (max-width: 400px) 100vw, 400px\" \/><\/figure>\n\n\n\n<figure class=\"wp-block-image size-large\"><img loading=\"lazy\" decoding=\"async\" width=\"400\" height=\"668\" data-id=\"627\" src=\"https:\/\/swgondoin.fr\/wp-content\/uploads\/2023\/04\/2022-Guide-du-Routard-La-Loire.jpg\" alt=\"\" class=\"wp-image-627\" srcset=\"https:\/\/swgondoin.fr\/wp-content\/uploads\/2023\/04\/2022-Guide-du-Routard-La-Loire.jpg 400w, https:\/\/swgondoin.fr\/wp-content\/uploads\/2023\/04\/2022-Guide-du-Routard-La-Loire-180x300.jpg 180w\" sizes=\"auto, (max-width: 400px) 100vw, 400px\" \/><\/figure>\n\n\n\n<figure class=\"wp-block-image size-large\"><img loading=\"lazy\" decoding=\"async\" width=\"400\" height=\"668\" data-id=\"633\" src=\"https:\/\/swgondoin.fr\/wp-content\/uploads\/2023\/04\/2022-Guide-du-Routard-Pays-Picard.jpg\" alt=\"\" class=\"wp-image-633\" srcset=\"https:\/\/swgondoin.fr\/wp-content\/uploads\/2023\/04\/2022-Guide-du-Routard-Pays-Picard.jpg 400w, https:\/\/swgondoin.fr\/wp-content\/uploads\/2023\/04\/2022-Guide-du-Routard-Pays-Picard-180x300.jpg 180w\" sizes=\"auto, (max-width: 400px) 100vw, 400px\" \/><\/figure>\n\n\n\n<figure class=\"wp-block-image size-large\"><img loading=\"lazy\" decoding=\"async\" width=\"400\" height=\"668\" data-id=\"626\" src=\"https:\/\/swgondoin.fr\/wp-content\/uploads\/2023\/04\/2022-Guide-du-Routard-Pyrenees.jpg\" alt=\"\" class=\"wp-image-626\" srcset=\"https:\/\/swgondoin.fr\/wp-content\/uploads\/2023\/04\/2022-Guide-du-Routard-Pyrenees.jpg 400w, https:\/\/swgondoin.fr\/wp-content\/uploads\/2023\/04\/2022-Guide-du-Routard-Pyrenees-180x300.jpg 180w\" sizes=\"auto, (max-width: 400px) 100vw, 400px\" \/><\/figure>\n\n\n\n<figure class=\"wp-block-image size-large\"><img loading=\"lazy\" decoding=\"async\" width=\"400\" height=\"668\" data-id=\"630\" src=\"https:\/\/swgondoin.fr\/wp-content\/uploads\/2023\/04\/2022-Guide-du-Routard-Vallee-du-Lot.jpg\" alt=\"\" class=\"wp-image-630\" srcset=\"https:\/\/swgondoin.fr\/wp-content\/uploads\/2023\/04\/2022-Guide-du-Routard-Vallee-du-Lot.jpg 400w, https:\/\/swgondoin.fr\/wp-content\/uploads\/2023\/04\/2022-Guide-du-Routard-Vallee-du-Lot-180x300.jpg 180w\" sizes=\"auto, (max-width: 400px) 100vw, 400px\" \/><\/figure>\n\n\n\n<figure class=\"wp-block-image size-large\"><img loading=\"lazy\" decoding=\"async\" width=\"613\" height=\"1024\" data-id=\"631\" src=\"https:\/\/swgondoin.fr\/wp-content\/uploads\/2023\/04\/2022-Guide-Routard-Oenotourisme-val-de-Loire-613x1024.jpeg\" alt=\"\" class=\"wp-image-631\" srcset=\"https:\/\/swgondoin.fr\/wp-content\/uploads\/2023\/04\/2022-Guide-Routard-Oenotourisme-val-de-Loire-613x1024.jpeg 613w, https:\/\/swgondoin.fr\/wp-content\/uploads\/2023\/04\/2022-Guide-Routard-Oenotourisme-val-de-Loire-180x300.jpeg 180w, https:\/\/swgondoin.fr\/wp-content\/uploads\/2023\/04\/2022-Guide-Routard-Oenotourisme-val-de-Loire.jpeg 630w\" sizes=\"auto, (max-width: 613px) 100vw, 613px\" \/><\/figure>\n<\/figure>\n\n\n\n<h6 class=\"wp-block-heading has-text-align-center\">Ann\u00e9e 2021<\/h6>\n\n\n<div class=\"wp-block-image\">\n<figure class=\"aligncenter size-full\"><img loading=\"lazy\" decoding=\"async\" width=\"400\" height=\"515\" src=\"https:\/\/swgondoin.fr\/wp-content\/uploads\/2023\/04\/2021-Routard-Nos-coups-de-coeur-en-Occitanie.jpg\" alt=\"\" class=\"wp-image-640\" srcset=\"https:\/\/swgondoin.fr\/wp-content\/uploads\/2023\/04\/2021-Routard-Nos-coups-de-coeur-en-Occitanie.jpg 400w, https:\/\/swgondoin.fr\/wp-content\/uploads\/2023\/04\/2021-Routard-Nos-coups-de-coeur-en-Occitanie-233x300.jpg 233w\" sizes=\"auto, (max-width: 400px) 100vw, 400px\" \/><\/figure>\n<\/div>\n\n\n<h6 class=\"wp-block-heading has-text-align-center\">Ann\u00e9e 2020<\/h6>\n\n\n\n<figure class=\"wp-block-gallery has-nested-images columns-6 is-cropped wp-block-gallery-4 is-layout-flex wp-block-gallery-is-layout-flex\">\n<figure class=\"wp-block-image size-large\"><img loading=\"lazy\" decoding=\"async\" width=\"400\" height=\"665\" data-id=\"613\" src=\"https:\/\/swgondoin.fr\/wp-content\/uploads\/2023\/04\/2020-Routard-Ariege-Pyrenees.jpg\" alt=\"\" class=\"wp-image-613\" srcset=\"https:\/\/swgondoin.fr\/wp-content\/uploads\/2023\/04\/2020-Routard-Ariege-Pyrenees.jpg 400w, https:\/\/swgondoin.fr\/wp-content\/uploads\/2023\/04\/2020-Routard-Ariege-Pyrenees-180x300.jpg 180w\" sizes=\"auto, (max-width: 400px) 100vw, 400px\" \/><\/figure>\n\n\n\n<figure class=\"wp-block-image size-large\"><img loading=\"lazy\" decoding=\"async\" width=\"400\" height=\"674\" data-id=\"614\" src=\"https:\/\/swgondoin.fr\/wp-content\/uploads\/2023\/04\/2020-Routard-Cote-des-Bar-en-Champagne.jpg\" alt=\"\" class=\"wp-image-614\" srcset=\"https:\/\/swgondoin.fr\/wp-content\/uploads\/2023\/04\/2020-Routard-Cote-des-Bar-en-Champagne.jpg 400w, https:\/\/swgondoin.fr\/wp-content\/uploads\/2023\/04\/2020-Routard-Cote-des-Bar-en-Champagne-178x300.jpg 178w\" sizes=\"auto, (max-width: 400px) 100vw, 400px\" \/><\/figure>\n\n\n\n<figure class=\"wp-block-image size-large\"><img loading=\"lazy\" decoding=\"async\" width=\"400\" height=\"678\" data-id=\"612\" src=\"https:\/\/swgondoin.fr\/wp-content\/uploads\/2023\/04\/2020-routard-escapades-dans-le-Loiret.jpg\" alt=\"\" class=\"wp-image-612\" srcset=\"https:\/\/swgondoin.fr\/wp-content\/uploads\/2023\/04\/2020-routard-escapades-dans-le-Loiret.jpg 400w, https:\/\/swgondoin.fr\/wp-content\/uploads\/2023\/04\/2020-routard-escapades-dans-le-Loiret-177x300.jpg 177w\" sizes=\"auto, (max-width: 400px) 100vw, 400px\" \/><\/figure>\n\n\n\n<figure class=\"wp-block-image size-large\"><img loading=\"lazy\" decoding=\"async\" width=\"600\" height=\"999\" data-id=\"617\" src=\"https:\/\/swgondoin.fr\/wp-content\/uploads\/2023\/04\/2020-routard-nancy-sud-lorraine.jpg\" alt=\"\" class=\"wp-image-617\" srcset=\"https:\/\/swgondoin.fr\/wp-content\/uploads\/2023\/04\/2020-routard-nancy-sud-lorraine.jpg 600w, https:\/\/swgondoin.fr\/wp-content\/uploads\/2023\/04\/2020-routard-nancy-sud-lorraine-180x300.jpg 180w\" sizes=\"auto, (max-width: 600px) 100vw, 600px\" \/><\/figure>\n\n\n\n<figure class=\"wp-block-image size-large\"><img loading=\"lazy\" decoding=\"async\" width=\"400\" height=\"667\" data-id=\"615\" src=\"https:\/\/swgondoin.fr\/wp-content\/uploads\/2023\/04\/2020-Routard-Parc-des-Cevennes.jpg\" alt=\"\" class=\"wp-image-615\" srcset=\"https:\/\/swgondoin.fr\/wp-content\/uploads\/2023\/04\/2020-Routard-Parc-des-Cevennes.jpg 400w, https:\/\/swgondoin.fr\/wp-content\/uploads\/2023\/04\/2020-Routard-Parc-des-Cevennes-180x300.jpg 180w\" sizes=\"auto, (max-width: 400px) 100vw, 400px\" \/><\/figure>\n\n\n\n<figure class=\"wp-block-image size-large\"><img loading=\"lazy\" decoding=\"async\" width=\"400\" height=\"665\" data-id=\"616\" src=\"https:\/\/swgondoin.fr\/wp-content\/uploads\/2023\/04\/2020-routard-Santerre-Haute-Somme.jpg\" alt=\"\" class=\"wp-image-616\" srcset=\"https:\/\/swgondoin.fr\/wp-content\/uploads\/2023\/04\/2020-routard-Santerre-Haute-Somme.jpg 400w, https:\/\/swgondoin.fr\/wp-content\/uploads\/2023\/04\/2020-routard-Santerre-Haute-Somme-180x300.jpg 180w\" sizes=\"auto, (max-width: 400px) 100vw, 400px\" \/><\/figure>\n<\/figure>\n\n\n\n<h6 class=\"wp-block-heading has-text-align-center\">Ann\u00e9e 2019<\/h6>\n\n\n\n<figure class=\"wp-block-gallery has-nested-images columns-6 is-cropped wp-block-gallery-5 is-layout-flex wp-block-gallery-is-layout-flex\">\n<figure class=\"wp-block-image size-large\"><img loading=\"lazy\" decoding=\"async\" width=\"400\" height=\"675\" data-id=\"606\" src=\"https:\/\/swgondoin.fr\/wp-content\/uploads\/2023\/04\/2019-routard-hauts-de-france.jpg\" alt=\"\" class=\"wp-image-606\" srcset=\"https:\/\/swgondoin.fr\/wp-content\/uploads\/2023\/04\/2019-routard-hauts-de-france.jpg 400w, https:\/\/swgondoin.fr\/wp-content\/uploads\/2023\/04\/2019-routard-hauts-de-france-178x300.jpg 178w\" sizes=\"auto, (max-width: 400px) 100vw, 400px\" \/><\/figure>\n\n\n\n<figure class=\"wp-block-image size-large\"><img loading=\"lazy\" decoding=\"async\" width=\"400\" height=\"672\" data-id=\"609\" src=\"https:\/\/swgondoin.fr\/wp-content\/uploads\/2023\/04\/2019-routard-pays-de-bray.jpg\" alt=\"\" class=\"wp-image-609\" srcset=\"https:\/\/swgondoin.fr\/wp-content\/uploads\/2023\/04\/2019-routard-pays-de-bray.jpg 400w, https:\/\/swgondoin.fr\/wp-content\/uploads\/2023\/04\/2019-routard-pays-de-bray-179x300.jpg 179w\" sizes=\"auto, (max-width: 400px) 100vw, 400px\" \/><\/figure>\n\n\n\n<figure class=\"wp-block-image size-large\"><img loading=\"lazy\" decoding=\"async\" width=\"400\" height=\"600\" data-id=\"607\" src=\"https:\/\/swgondoin.fr\/wp-content\/uploads\/2023\/04\/2019-routard-pays-epernay.jpg\" alt=\"\" class=\"wp-image-607\" srcset=\"https:\/\/swgondoin.fr\/wp-content\/uploads\/2023\/04\/2019-routard-pays-epernay.jpg 400w, https:\/\/swgondoin.fr\/wp-content\/uploads\/2023\/04\/2019-routard-pays-epernay-200x300.jpg 200w\" sizes=\"auto, (max-width: 400px) 100vw, 400px\" \/><\/figure>\n\n\n\n<figure class=\"wp-block-image size-large\"><img loading=\"lazy\" decoding=\"async\" width=\"400\" height=\"656\" data-id=\"605\" src=\"https:\/\/swgondoin.fr\/wp-content\/uploads\/2023\/04\/2019-routard-vendee-vallee.jpg\" alt=\"\" class=\"wp-image-605\" srcset=\"https:\/\/swgondoin.fr\/wp-content\/uploads\/2023\/04\/2019-routard-vendee-vallee.jpg 400w, https:\/\/swgondoin.fr\/wp-content\/uploads\/2023\/04\/2019-routard-vendee-vallee-183x300.jpg 183w\" sizes=\"auto, (max-width: 400px) 100vw, 400px\" \/><\/figure>\n\n\n\n<figure class=\"wp-block-image size-large\"><img loading=\"lazy\" decoding=\"async\" width=\"400\" height=\"654\" data-id=\"604\" src=\"https:\/\/swgondoin.fr\/wp-content\/uploads\/2023\/04\/2019-routard-vichy-auvergne.jpg\" alt=\"\" class=\"wp-image-604\" srcset=\"https:\/\/swgondoin.fr\/wp-content\/uploads\/2023\/04\/2019-routard-vichy-auvergne.jpg 400w, https:\/\/swgondoin.fr\/wp-content\/uploads\/2023\/04\/2019-routard-vichy-auvergne-183x300.jpg 183w\" sizes=\"auto, (max-width: 400px) 100vw, 400px\" \/><\/figure>\n\n\n\n<figure class=\"wp-block-image size-large\"><img loading=\"lazy\" decoding=\"async\" width=\"600\" height=\"793\" data-id=\"608\" src=\"https:\/\/swgondoin.fr\/wp-content\/uploads\/2023\/04\/2019-routard-voyages-france.jpg\" alt=\"\" class=\"wp-image-608\" srcset=\"https:\/\/swgondoin.fr\/wp-content\/uploads\/2023\/04\/2019-routard-voyages-france.jpg 600w, https:\/\/swgondoin.fr\/wp-content\/uploads\/2023\/04\/2019-routard-voyages-france-227x300.jpg 227w\" sizes=\"auto, (max-width: 600px) 100vw, 600px\" \/><\/figure>\n<\/figure>\n\n\n\n<h6 class=\"wp-block-heading has-text-align-center\">Ann\u00e9e 2018<\/h6>\n\n\n<div class=\"wp-block-image\">\n<figure class=\"aligncenter size-full\"><img loading=\"lazy\" decoding=\"async\" width=\"431\" height=\"686\" src=\"https:\/\/swgondoin.fr\/wp-content\/uploads\/2023\/04\/2018-couverture-routard-normandie-medievale.jpeg\" alt=\"\" class=\"wp-image-639\" srcset=\"https:\/\/swgondoin.fr\/wp-content\/uploads\/2023\/04\/2018-couverture-routard-normandie-medievale.jpeg 431w, https:\/\/swgondoin.fr\/wp-content\/uploads\/2023\/04\/2018-couverture-routard-normandie-medievale-188x300.jpeg 188w\" sizes=\"auto, (max-width: 431px) 100vw, 431px\" \/><\/figure>\n<\/div>","protected":false},"excerpt":{"rendered":"<p>Depuis de nombreuses ann\u00e9es maintenant, les guides du Routard, \u00e9dit\u00e9s par Hachette, me font confiance pour les synth\u00e8ses des pages Hommes, culture, environnement. Ann\u00e9e 2024 Ann\u00e9e 2023 Ann\u00e9e 2022 Ann\u00e9e <a class=\"more-link\" href=\"https:\/\/swgondoin.fr\/index.php\/ouvrages-collectifs\/\">Continue Reading &rarr;<\/a><\/p>\n","protected":false},"author":1,"featured_media":0,"parent":0,"menu_order":0,"comment_status":"closed","ping_status":"closed","template":"","meta":{"footnotes":""},"class_list":["post-167","page","type-page","status-publish","hentry"],"_links":{"self":[{"href":"https:\/\/swgondoin.fr\/index.php\/wp-json\/wp\/v2\/pages\/167","targetHints":{"allow":["GET"]}}],"collection":[{"href":"https:\/\/swgondoin.fr\/index.php\/wp-json\/wp\/v2\/pages"}],"about":[{"href":"https:\/\/swgondoin.fr\/index.php\/wp-json\/wp\/v2\/types\/page"}],"author":[{"embeddable":true,"href":"https:\/\/swgondoin.fr\/index.php\/wp-json\/wp\/v2\/users\/1"}],"replies":[{"embeddable":true,"href":"https:\/\/swgondoin.fr\/index.php\/wp-json\/wp\/v2\/comments?post=167"}],"version-history":[{"count":20,"href":"https:\/\/swgondoin.fr\/index.php\/wp-json\/wp\/v2\/pages\/167\/revisions"}],"predecessor-version":[{"id":1410,"href":"https:\/\/swgondoin.fr\/index.php\/wp-json\/wp\/v2\/pages\/167\/revisions\/1410"}],"wp:attachment":[{"href":"https:\/\/swgondoin.fr\/index.php\/wp-json\/wp\/v2\/media?parent=167"}],"curies":[{"name":"wp","href":"https:\/\/api.w.org\/{rel}","templated":true}]}}