{"id":107,"date":"2021-03-21T09:50:09","date_gmt":"2021-03-21T08:50:09","guid":{"rendered":"https:\/\/swgondoin.fr\/?page_id=107"},"modified":"2023-07-09T15:43:44","modified_gmt":"2023-07-09T13:43:44","slug":"presse","status":"publish","type":"page","link":"https:\/\/swgondoin.fr\/index.php\/presse\/","title":{"rendered":"Articles et presse"},"content":{"rendered":"\n<p>Publication de centaines d&rsquo;articles dans de nombreux magazines ou sur divers sites Internet : <em><strong>Historia<\/strong><\/em>, <strong><em>Le Routard Magazine<\/em><\/strong>, <em><strong>Herodote.net<\/strong><\/em>, <em><strong>Patrimoine Normand<\/strong><\/em>, <em><strong>Histoire m\u00e9di\u00e9vale<\/strong><\/em>, <em><strong>Histoire et images m\u00e9di\u00e9vales<\/strong><\/em>, <em><strong>Voyage et Histoire<\/strong><\/em>, <em><strong>Les temps m\u00e9di\u00e9vaux<\/strong><\/em>,<strong> <em>Daidalos<\/em><\/strong> (Italie), <em><strong>Le Havre infos<\/strong><\/em>, <em><strong>Actu.fr<\/strong>.<\/em>..<\/p>\n\n\n\n<p class=\"has-text-align-center\"><strong>Pour acc\u00e9der aux listes s\u00e9lectives d&rsquo;articles class\u00e9s par th\u00e8mes,<\/strong><br><strong>cliquer sur les images ci-dessous<\/strong><\/p>\n\n\n\n<figure class=\"wp-block-gallery has-nested-images columns-2 is-cropped wp-block-gallery-1 is-layout-flex wp-block-gallery-is-layout-flex\">\n<figure class=\"wp-block-image size-large\"><a href=\"https:\/\/swgondoin.fr\/index.php\/articles-historiques\/\"><img loading=\"lazy\" decoding=\"async\" width=\"1024\" height=\"279\" data-id=\"667\" src=\"https:\/\/swgondoin.fr\/wp-content\/uploads\/2023\/04\/Histoire-1024x279.jpg\" alt=\"\" class=\"wp-image-667\" srcset=\"https:\/\/swgondoin.fr\/wp-content\/uploads\/2023\/04\/Histoire-1024x279.jpg 1024w, https:\/\/swgondoin.fr\/wp-content\/uploads\/2023\/04\/Histoire-300x82.jpg 300w, https:\/\/swgondoin.fr\/wp-content\/uploads\/2023\/04\/Histoire-768x209.jpg 768w, https:\/\/swgondoin.fr\/wp-content\/uploads\/2023\/04\/Histoire.jpg 1100w\" sizes=\"auto, (max-width: 1024px) 100vw, 1024px\" \/><\/a><\/figure>\n\n\n\n<figure class=\"wp-block-image size-large\"><a href=\"https:\/\/swgondoin.fr\/index.php\/2023\/04\/04\/architecture-militaire-chateau-fort\/\"><img loading=\"lazy\" decoding=\"async\" width=\"1024\" height=\"279\" data-id=\"822\" src=\"https:\/\/swgondoin.fr\/wp-content\/uploads\/2023\/04\/architecture-militaire-1024x279.jpg\" alt=\"\" class=\"wp-image-822\" srcset=\"https:\/\/swgondoin.fr\/wp-content\/uploads\/2023\/04\/architecture-militaire-1024x279.jpg 1024w, https:\/\/swgondoin.fr\/wp-content\/uploads\/2023\/04\/architecture-militaire-300x82.jpg 300w, https:\/\/swgondoin.fr\/wp-content\/uploads\/2023\/04\/architecture-militaire-768x209.jpg 768w, https:\/\/swgondoin.fr\/wp-content\/uploads\/2023\/04\/architecture-militaire.jpg 1100w\" sizes=\"auto, (max-width: 1024px) 100vw, 1024px\" \/><\/a><\/figure>\n\n\n\n<figure class=\"wp-block-image size-large\"><a href=\"https:\/\/swgondoin.fr\/index.php\/2023\/04\/10\/architecture-civile-et-religieuse\/\"><img loading=\"lazy\" decoding=\"async\" width=\"1024\" height=\"279\" data-id=\"840\" src=\"https:\/\/swgondoin.fr\/wp-content\/uploads\/2023\/04\/Architecture-religieuse-1024x279.jpg\" alt=\"\" class=\"wp-image-840\" srcset=\"https:\/\/swgondoin.fr\/wp-content\/uploads\/2023\/04\/Architecture-religieuse-1024x279.jpg 1024w, https:\/\/swgondoin.fr\/wp-content\/uploads\/2023\/04\/Architecture-religieuse-300x82.jpg 300w, https:\/\/swgondoin.fr\/wp-content\/uploads\/2023\/04\/Architecture-religieuse-768x209.jpg 768w, https:\/\/swgondoin.fr\/wp-content\/uploads\/2023\/04\/Architecture-religieuse.jpg 1100w\" sizes=\"auto, (max-width: 1024px) 100vw, 1024px\" \/><\/a><\/figure>\n\n\n\n<figure class=\"wp-block-image size-large\"><a href=\"https:\/\/swgondoin.fr\/index.php\/2023\/04\/03\/litterature\/\"><img loading=\"lazy\" decoding=\"async\" width=\"1024\" height=\"279\" data-id=\"705\" src=\"https:\/\/swgondoin.fr\/wp-content\/uploads\/2023\/04\/litterature-1024x279.jpg\" alt=\"\" class=\"wp-image-705\" srcset=\"https:\/\/swgondoin.fr\/wp-content\/uploads\/2023\/04\/litterature-1024x279.jpg 1024w, https:\/\/swgondoin.fr\/wp-content\/uploads\/2023\/04\/litterature-300x82.jpg 300w, https:\/\/swgondoin.fr\/wp-content\/uploads\/2023\/04\/litterature-768x209.jpg 768w, https:\/\/swgondoin.fr\/wp-content\/uploads\/2023\/04\/litterature.jpg 1100w\" sizes=\"auto, (max-width: 1024px) 100vw, 1024px\" \/><\/a><\/figure>\n\n\n\n<figure class=\"wp-block-image size-large\"><a href=\"https:\/\/swgondoin.fr\/index.php\/2023\/04\/04\/arts-picturaux\/\"><img loading=\"lazy\" decoding=\"async\" width=\"1024\" height=\"279\" data-id=\"704\" src=\"https:\/\/swgondoin.fr\/wp-content\/uploads\/2023\/04\/Arts-picturaux-1024x279.jpg\" alt=\"\" class=\"wp-image-704\" srcset=\"https:\/\/swgondoin.fr\/wp-content\/uploads\/2023\/04\/Arts-picturaux-1024x279.jpg 1024w, https:\/\/swgondoin.fr\/wp-content\/uploads\/2023\/04\/Arts-picturaux-300x82.jpg 300w, https:\/\/swgondoin.fr\/wp-content\/uploads\/2023\/04\/Arts-picturaux-768x209.jpg 768w, https:\/\/swgondoin.fr\/wp-content\/uploads\/2023\/04\/Arts-picturaux.jpg 1100w\" sizes=\"auto, (max-width: 1024px) 100vw, 1024px\" \/><\/a><\/figure>\n\n\n\n<figure class=\"wp-block-image size-large\"><a href=\"https:\/\/swgondoin.fr\/index.php\/2023\/05\/04\/au-naturel\/\"><img loading=\"lazy\" decoding=\"async\" width=\"1024\" height=\"279\" data-id=\"1056\" src=\"https:\/\/swgondoin.fr\/wp-content\/uploads\/2023\/05\/au-naturel-1024x279.jpg\" alt=\"\" class=\"wp-image-1056\" srcset=\"https:\/\/swgondoin.fr\/wp-content\/uploads\/2023\/05\/au-naturel-1024x279.jpg 1024w, https:\/\/swgondoin.fr\/wp-content\/uploads\/2023\/05\/au-naturel-300x82.jpg 300w, https:\/\/swgondoin.fr\/wp-content\/uploads\/2023\/05\/au-naturel-768x209.jpg 768w, https:\/\/swgondoin.fr\/wp-content\/uploads\/2023\/05\/au-naturel.jpg 1100w\" sizes=\"auto, (max-width: 1024px) 100vw, 1024px\" \/><\/a><\/figure>\n<\/figure>\n\n\n\n<h2 class=\"wp-block-heading has-text-align-center\">Quelques couvertures parmi tant d&rsquo;autres<\/h2>\n\n\n\n<figure class=\"wp-block-gallery has-nested-images columns-4 is-cropped aligncenter wp-block-gallery-2 is-layout-flex wp-block-gallery-is-layout-flex\">\n<figure class=\"wp-block-image size-large\"><img loading=\"lazy\" decoding=\"async\" width=\"475\" height=\"635\" data-id=\"549\" src=\"https:\/\/swgondoin.fr\/wp-content\/uploads\/2023\/04\/historia-888.jpg\" alt=\"\" class=\"wp-image-549\" srcset=\"https:\/\/swgondoin.fr\/wp-content\/uploads\/2023\/04\/historia-888.jpg 475w, https:\/\/swgondoin.fr\/wp-content\/uploads\/2023\/04\/historia-888-224x300.jpg 224w\" sizes=\"auto, (max-width: 475px) 100vw, 475px\" \/><\/figure>\n\n\n\n<figure class=\"wp-block-image size-full\"><img loading=\"lazy\" decoding=\"async\" width=\"350\" height=\"452\" data-id=\"1055\" src=\"https:\/\/swgondoin.fr\/wp-content\/uploads\/2023\/05\/Patrimoine-Normand-125.jpg\" alt=\"\" class=\"wp-image-1055\" srcset=\"https:\/\/swgondoin.fr\/wp-content\/uploads\/2023\/05\/Patrimoine-Normand-125.jpg 350w, https:\/\/swgondoin.fr\/wp-content\/uploads\/2023\/05\/Patrimoine-Normand-125-232x300.jpg 232w\" sizes=\"auto, (max-width: 350px) 100vw, 350px\" \/><\/figure>\n\n\n\n<figure class=\"wp-block-image size-large\"><img loading=\"lazy\" decoding=\"async\" width=\"630\" height=\"781\" data-id=\"591\" src=\"https:\/\/swgondoin.fr\/wp-content\/uploads\/2023\/04\/Routard-magazine-06.jpg\" alt=\"\" class=\"wp-image-591\" srcset=\"https:\/\/swgondoin.fr\/wp-content\/uploads\/2023\/04\/Routard-magazine-06.jpg 630w, https:\/\/swgondoin.fr\/wp-content\/uploads\/2023\/04\/Routard-magazine-06-242x300.jpg 242w\" sizes=\"auto, (max-width: 630px) 100vw, 630px\" \/><\/figure>\n\n\n\n<figure class=\"wp-block-image size-large\"><img loading=\"lazy\" decoding=\"async\" width=\"350\" height=\"456\" data-id=\"564\" src=\"https:\/\/swgondoin.fr\/wp-content\/uploads\/2023\/04\/Patrimoine-Normand-122-Le-Bessin.jpg\" alt=\"\" class=\"wp-image-564\" srcset=\"https:\/\/swgondoin.fr\/wp-content\/uploads\/2023\/04\/Patrimoine-Normand-122-Le-Bessin.jpg 350w, https:\/\/swgondoin.fr\/wp-content\/uploads\/2023\/04\/Patrimoine-Normand-122-Le-Bessin-230x300.jpg 230w\" sizes=\"auto, (max-width: 350px) 100vw, 350px\" \/><\/figure>\n\n\n\n<figure class=\"wp-block-image size-large\"><img loading=\"lazy\" decoding=\"async\" width=\"450\" height=\"638\" data-id=\"551\" src=\"https:\/\/swgondoin.fr\/wp-content\/uploads\/2023\/04\/him-40.jpg\" alt=\"\" class=\"wp-image-551\" srcset=\"https:\/\/swgondoin.fr\/wp-content\/uploads\/2023\/04\/him-40.jpg 450w, https:\/\/swgondoin.fr\/wp-content\/uploads\/2023\/04\/him-40-212x300.jpg 212w\" sizes=\"auto, (max-width: 450px) 100vw, 450px\" \/><\/figure>\n\n\n\n<figure class=\"wp-block-image size-large\"><img loading=\"lazy\" decoding=\"async\" width=\"424\" height=\"599\" data-id=\"550\" src=\"https:\/\/swgondoin.fr\/wp-content\/uploads\/2023\/04\/atrium.jpg\" alt=\"\" class=\"wp-image-550\" srcset=\"https:\/\/swgondoin.fr\/wp-content\/uploads\/2023\/04\/atrium.jpg 424w, https:\/\/swgondoin.fr\/wp-content\/uploads\/2023\/04\/atrium-212x300.jpg 212w\" sizes=\"auto, (max-width: 424px) 100vw, 424px\" \/><\/figure>\n\n\n\n<figure class=\"wp-block-image size-large\"><img loading=\"lazy\" decoding=\"async\" width=\"400\" height=\"543\" data-id=\"548\" src=\"https:\/\/swgondoin.fr\/wp-content\/uploads\/2023\/04\/hm-59.jpg\" alt=\"\" class=\"wp-image-548\" srcset=\"https:\/\/swgondoin.fr\/wp-content\/uploads\/2023\/04\/hm-59.jpg 400w, https:\/\/swgondoin.fr\/wp-content\/uploads\/2023\/04\/hm-59-221x300.jpg 221w\" sizes=\"auto, (max-width: 400px) 100vw, 400px\" \/><\/figure>\n\n\n\n<figure class=\"wp-block-image size-large\"><img loading=\"lazy\" decoding=\"async\" width=\"564\" height=\"800\" data-id=\"547\" src=\"https:\/\/swgondoin.fr\/wp-content\/uploads\/2023\/04\/voyage-et-histoire-1.jpg\" alt=\"\" class=\"wp-image-547\" srcset=\"https:\/\/swgondoin.fr\/wp-content\/uploads\/2023\/04\/voyage-et-histoire-1.jpg 564w, https:\/\/swgondoin.fr\/wp-content\/uploads\/2023\/04\/voyage-et-histoire-1-212x300.jpg 212w\" sizes=\"auto, (max-width: 564px) 100vw, 564px\" \/><\/figure>\n<\/figure>\n\n\n\n<p class=\"has-text-align-center\"><br><strong>Conception de num\u00e9ros hors-s\u00e9ries th\u00e9matiques pour le magazine <em>Patrimoine Normand<\/em><\/strong><\/p>\n\n\n\n<figure class=\"wp-block-gallery has-nested-images columns-4 is-cropped wp-block-gallery-3 is-layout-flex wp-block-gallery-is-layout-flex\">\n<figure class=\"wp-block-image size-large\"><img loading=\"lazy\" decoding=\"async\" width=\"350\" height=\"453\" data-id=\"558\" src=\"https:\/\/swgondoin.fr\/wp-content\/uploads\/2023\/04\/patrimoine-normand-hors-serie-04-abbayes.jpg\" alt=\"\" class=\"wp-image-558\" srcset=\"https:\/\/swgondoin.fr\/wp-content\/uploads\/2023\/04\/patrimoine-normand-hors-serie-04-abbayes.jpg 350w, https:\/\/swgondoin.fr\/wp-content\/uploads\/2023\/04\/patrimoine-normand-hors-serie-04-abbayes-232x300.jpg 232w\" sizes=\"auto, (max-width: 350px) 100vw, 350px\" \/><\/figure>\n\n\n\n<figure class=\"wp-block-image size-large\"><img loading=\"lazy\" decoding=\"async\" width=\"350\" height=\"453\" data-id=\"555\" src=\"https:\/\/swgondoin.fr\/wp-content\/uploads\/2023\/04\/patrimoine-normand-hors-serie-03-vikings.jpg\" alt=\"\" class=\"wp-image-555\" srcset=\"https:\/\/swgondoin.fr\/wp-content\/uploads\/2023\/04\/patrimoine-normand-hors-serie-03-vikings.jpg 350w, https:\/\/swgondoin.fr\/wp-content\/uploads\/2023\/04\/patrimoine-normand-hors-serie-03-vikings-232x300.jpg 232w\" sizes=\"auto, (max-width: 350px) 100vw, 350px\" \/><\/figure>\n\n\n\n<figure class=\"wp-block-image size-large\"><img loading=\"lazy\" decoding=\"async\" width=\"250\" height=\"323\" data-id=\"556\" src=\"https:\/\/swgondoin.fr\/wp-content\/uploads\/2023\/04\/patrimoine-normand-hors-serie-02-normandie-medievale.png\" alt=\"\" class=\"wp-image-556\" srcset=\"https:\/\/swgondoin.fr\/wp-content\/uploads\/2023\/04\/patrimoine-normand-hors-serie-02-normandie-medievale.png 250w, https:\/\/swgondoin.fr\/wp-content\/uploads\/2023\/04\/patrimoine-normand-hors-serie-02-normandie-medievale-232x300.png 232w\" sizes=\"auto, (max-width: 250px) 100vw, 250px\" \/><\/figure>\n\n\n\n<figure class=\"wp-block-image size-large\"><img loading=\"lazy\" decoding=\"async\" width=\"250\" height=\"323\" data-id=\"557\" src=\"https:\/\/swgondoin.fr\/wp-content\/uploads\/2023\/04\/patrimoine-normand-hors-serie-01-normandie-44.png\" alt=\"\" class=\"wp-image-557\" srcset=\"https:\/\/swgondoin.fr\/wp-content\/uploads\/2023\/04\/patrimoine-normand-hors-serie-01-normandie-44.png 250w, https:\/\/swgondoin.fr\/wp-content\/uploads\/2023\/04\/patrimoine-normand-hors-serie-01-normandie-44-232x300.png 232w\" sizes=\"auto, (max-width: 250px) 100vw, 250px\" \/><\/figure>\n<\/figure>\n\n\n\n<p>R\u00e9dacteur en chef adjoint du magazine <em><strong>Patrimoine Normand<\/strong><\/em> d&rsquo;octobre 2013 au 31 d\u00e9cembre 2022, du n\u00b0 88 au n\u00b0 123, soit 35 num\u00e9ros et quatre hors-s\u00e9ries. Conseiller aupr\u00e8s de la r\u00e9daction depuis janvier 2023 pour les num\u00e9ros classiques.<\/p>\n","protected":false},"excerpt":{"rendered":"<p>Publication de centaines d&rsquo;articles dans de nombreux magazines ou sur divers sites Internet : Historia, Le Routard Magazine, Herodote.net, Patrimoine Normand, Histoire m\u00e9di\u00e9vale, Histoire et images m\u00e9di\u00e9vales, Voyage et Histoire, <a class=\"more-link\" href=\"https:\/\/swgondoin.fr\/index.php\/presse\/\">Continue Reading &rarr;<\/a><\/p>\n","protected":false},"author":1,"featured_media":0,"parent":0,"menu_order":0,"comment_status":"closed","ping_status":"closed","template":"","meta":{"footnotes":""},"class_list":["post-107","page","type-page","status-publish","hentry"],"_links":{"self":[{"href":"https:\/\/swgondoin.fr\/index.php\/wp-json\/wp\/v2\/pages\/107","targetHints":{"allow":["GET"]}}],"collection":[{"href":"https:\/\/swgondoin.fr\/index.php\/wp-json\/wp\/v2\/pages"}],"about":[{"href":"https:\/\/swgondoin.fr\/index.php\/wp-json\/wp\/v2\/types\/page"}],"author":[{"embeddable":true,"href":"https:\/\/swgondoin.fr\/index.php\/wp-json\/wp\/v2\/users\/1"}],"replies":[{"embeddable":true,"href":"https:\/\/swgondoin.fr\/index.php\/wp-json\/wp\/v2\/comments?post=107"}],"version-history":[{"count":40,"href":"https:\/\/swgondoin.fr\/index.php\/wp-json\/wp\/v2\/pages\/107\/revisions"}],"predecessor-version":[{"id":1454,"href":"https:\/\/swgondoin.fr\/index.php\/wp-json\/wp\/v2\/pages\/107\/revisions\/1454"}],"wp:attachment":[{"href":"https:\/\/swgondoin.fr\/index.php\/wp-json\/wp\/v2\/media?parent=107"}],"curies":[{"name":"wp","href":"https:\/\/api.w.org\/{rel}","templated":true}]}}